{"id":99,"date":"2025-11-16T21:52:38","date_gmt":"2025-11-16T21:52:38","guid":{"rendered":"https:\/\/teszt.centercall.eu\/?page_id=99"},"modified":"2025-11-19T10:29:17","modified_gmt":"2025-11-19T10:29:17","slug":"uzemeltetesi-es-muszaki-szolgaltatasaink","status":"publish","type":"page","link":"https:\/\/centercall.eu\/index.php\/uzemeltetesi-es-muszaki-szolgaltatasaink\/","title":{"rendered":"\u00dczemeltet\u00e9si \u00e9s m\u0171szaki szolg\u00e1ltat\u00e1saink"},"content":{"rendered":"<p>[et_pb_section fb_built=&#8221;1&#8243; fullwidth=&#8221;on&#8221; disabled_on=&#8221;off|off|off&#8221; admin_label=&#8221;Hero&#8221; _builder_version=&#8221;4.16&#8243; background_color=&#8221;#1f1f1f&#8221; parallax=&#8221;on&#8221; custom_padding=&#8221;|||&#8221; transparent_background=&#8221;on&#8221; global_colors_info=&#8221;{}&#8221;][et_pb_fullwidth_header title=&#8221;\u00dczemeltet\u00e9si \u00e9s m\u0171szaki szolg\u00e1ltat\u00e1saink&#8221; text_orientation=&#8221;center&#8221; background_overlay_color=&#8221;rgba(31,31,31,0.85)&#8221; subhead_font_color=&#8221;#bebebe&#8221; _builder_version=&#8221;4.27.4&#8243; title_font=&#8221;Playfair Display||||&#8221; title_text_color=&#8221;#ffffff&#8221; title_font_size=&#8221;72px&#8221; title_line_height=&#8221;1.3em&#8221; content_font=&#8221;Montserrat||||&#8221; content_text_color=&#8221;#bfbfbf&#8221; content_font_size=&#8221;19px&#8221; content_line_height=&#8221;1.8em&#8221; subhead_font=&#8221;Montserrat||||&#8221; subhead_text_color=&#8221;#bebebe&#8221; subhead_line_height=&#8221;1.8em&#8221; background_color=&#8221;rgba(255, 255, 255, 0)&#8221; background_image=&#8221;https:\/\/centercall.eu\/wp-content\/uploads\/2025\/11\/header.jpg&#8221; parallax=&#8221;on&#8221; parallax_method=&#8221;on&#8221; custom_padding=&#8221;5%||5%|&#8221; animation_style=&#8221;zoom&#8221; animation_duration=&#8221;1500ms&#8221; animation_intensity_zoom=&#8221;4%&#8221; title_line_height_last_edited=&#8221;off|desktop&#8221; global_colors_info=&#8221;{}&#8221; button_one_text_size__hover_enabled=&#8221;off&#8221; button_two_text_size__hover_enabled=&#8221;off&#8221; button_one_text_color__hover_enabled=&#8221;off&#8221; button_two_text_color__hover_enabled=&#8221;off&#8221; button_one_border_width__hover_enabled=&#8221;off&#8221; button_two_border_width__hover_enabled=&#8221;off&#8221; button_one_border_color__hover_enabled=&#8221;off&#8221; button_two_border_color__hover_enabled=&#8221;off&#8221; button_one_border_radius__hover_enabled=&#8221;off&#8221; button_two_border_radius__hover_enabled=&#8221;off&#8221; button_one_letter_spacing__hover_enabled=&#8221;off&#8221; button_two_letter_spacing__hover_enabled=&#8221;off&#8221; button_one_bg_color__hover_enabled=&#8221;off&#8221; button_two_bg_color__hover_enabled=&#8221;off&#8221;]<\/p>\n<p>&nbsp;<\/p>\n<p>&nbsp;<\/p>\n<p>&nbsp;<\/p>\n<p>[\/et_pb_fullwidth_header][\/et_pb_section][et_pb_section fb_built=&#8221;1&#8243; admin_label=&#8221;Contact&#8221; _builder_version=&#8221;4.16&#8243; background_color=&#8221;rgba(0,0,0,0.03)&#8221; background_size=&#8221;initial&#8221; background_position=&#8221;top_left&#8221; custom_padding=&#8221;104px|0px|100px|0px||&#8221; collapsed=&#8221;off&#8221; global_colors_info=&#8221;{}&#8221;][et_pb_row _builder_version=&#8221;4.27.4&#8243; background_size=&#8221;initial&#8221; background_position=&#8221;top_left&#8221; background_repeat=&#8221;repeat&#8221; custom_margin=&#8221;|||&#8221; custom_padding=&#8221;|||&#8221; global_colors_info=&#8221;{}&#8221;][et_pb_column type=&#8221;4_4&#8243; _builder_version=&#8221;4.27.4&#8243; _module_preset=&#8221;default&#8221; global_colors_info=&#8221;{}&#8221;][et_pb_text _builder_version=&#8221;4.27.4&#8243; _module_preset=&#8221;default&#8221; global_colors_info=&#8221;{}&#8221;]<\/p>\n<p>1. t\u00e1rsash\u00e1z \u00fczemeltet\u00e9s: napi probl\u00e9m\u00e1k kezel\u00e9se, megold\u00e1sa<\/p>\n<p>2. lift\u00fcgyelet megszervez\u00e9se, lift karbantart\u00e1s koordin\u00e1l\u00e1sa<\/p>\n<p>3. karbantart\u00e1si munk\u00e1k tervez\u00e9se \u00e9s megszervez\u00e9se: a k\u00f6telez\u0151 \u00e9s\/vagy a t\u00e1rsash\u00e1z \u00e1ltal k\u00fcl\u00f6n ig\u00e9nyelt id\u0151szakos \u00e9s rendszeres karbantart\u00e1si feladatok elv\u00e9geztet\u00e9se (lift, t\u0171zv\u00e9delmi &#8211; \u00e9s jelz\u0151 rendszer, kert karbantart\u00e1sa, takar\u00edt\u00e1s, stb.)<\/p>\n<p>4. \u00e1raj\u00e1nlatk\u00e9r\u00e9s, versenyeztet\u00e9s: a t\u00e1rsash\u00e1z \u00e1ltal ig\u00e9nyelt extra ig\u00e9nyek megval\u00f3s\u00edt\u00e1s\u00e1ra aj\u00e1nlatok bek\u00e9r\u00e9se, elb\u00edr\u00e1l\u00e1sa a t\u00e1rsash\u00e1z \u00e9rdekeit maxim\u00e1lisan szem el\u0151tt tartva.<\/p>\n<p>5. dokument\u00e1l\u00e1s, m\u0171szaki dokument\u00e1ci\u00f3kezel\u00e9s: a t\u00e1rsash\u00e1zhoz tartoz\u00f3 teljes m\u0171szaki, \u00e9p\u00edt\u00e9si \u00e9s egy\u00e9b enged\u00e9lyek, \u00e9s hivatalos anyagok \u00f6sszegy\u0171jt\u00e9se, iktat\u00e1sa, rendszerez\u00e9se, \u00e9s iratt\u00e1ri t\u00e1rol\u00e1sa.<\/p>\n<p>&nbsp;<\/p>\n<p>[\/et_pb_text][\/et_pb_column][\/et_pb_row][\/et_pb_section]<\/p>\n","protected":false},"excerpt":{"rendered":"<p>&nbsp; &nbsp; &nbsp;1. t\u00e1rsash\u00e1z \u00fczemeltet\u00e9s: napi probl\u00e9m\u00e1k kezel\u00e9se, megold\u00e1sa 2. lift\u00fcgyelet megszervez\u00e9se, lift karbantart\u00e1s koordin\u00e1l\u00e1sa 3. karbantart\u00e1si munk\u00e1k tervez\u00e9se \u00e9s megszervez\u00e9se: a k\u00f6telez\u0151 \u00e9s\/vagy a t\u00e1rsash\u00e1z \u00e1ltal k\u00fcl\u00f6n ig\u00e9nyelt id\u0151szakos \u00e9s rendszeres karbantart\u00e1si feladatok elv\u00e9geztet\u00e9se (lift, t\u0171zv\u00e9delmi &#8211; \u00e9s jelz\u0151 rendszer, kert karbantart\u00e1sa, takar\u00edt\u00e1s, stb.) 4. \u00e1raj\u00e1nlatk\u00e9r\u00e9s, versenyeztet\u00e9s: a t\u00e1rsash\u00e1z \u00e1ltal ig\u00e9nyelt extra ig\u00e9nyek megval\u00f3s\u00edt\u00e1s\u00e1ra [&hellip;]<\/p>\n","protected":false},"author":1,"featured_media":0,"parent":0,"menu_order":0,"comment_status":"closed","ping_status":"closed","template":"","meta":{"_et_pb_use_builder":"on","_et_pb_old_content":"","_et_gb_content_width":"","footnotes":""},"class_list":["post-99","page","type-page","status-publish","hentry"],"_links":{"self":[{"href":"https:\/\/centercall.eu\/index.php\/wp-json\/wp\/v2\/pages\/99","targetHints":{"allow":["GET"]}}],"collection":[{"href":"https:\/\/centercall.eu\/index.php\/wp-json\/wp\/v2\/pages"}],"about":[{"href":"https:\/\/centercall.eu\/index.php\/wp-json\/wp\/v2\/types\/page"}],"author":[{"embeddable":true,"href":"https:\/\/centercall.eu\/index.php\/wp-json\/wp\/v2\/users\/1"}],"replies":[{"embeddable":true,"href":"https:\/\/centercall.eu\/index.php\/wp-json\/wp\/v2\/comments?post=99"}],"version-history":[{"count":3,"href":"https:\/\/centercall.eu\/index.php\/wp-json\/wp\/v2\/pages\/99\/revisions"}],"predecessor-version":[{"id":131,"href":"https:\/\/centercall.eu\/index.php\/wp-json\/wp\/v2\/pages\/99\/revisions\/131"}],"wp:attachment":[{"href":"https:\/\/centercall.eu\/index.php\/wp-json\/wp\/v2\/media?parent=99"}],"curies":[{"name":"wp","href":"https:\/\/api.w.org\/{rel}","templated":true}]}}