{"id":85,"date":"2025-11-16T20:53:46","date_gmt":"2025-11-16T20:53:46","guid":{"rendered":"https:\/\/teszt.centercall.eu\/?page_id=85"},"modified":"2025-11-19T10:27:38","modified_gmt":"2025-11-19T10:27:38","slug":"gazdasagi-szolgaltatasaink","status":"publish","type":"page","link":"https:\/\/centercall.eu\/index.php\/gazdasagi-szolgaltatasaink\/","title":{"rendered":"Gazdas\u00e1gi szolg\u00e1ltat\u00e1saink"},"content":{"rendered":"<p>[et_pb_section fb_built=&#8221;1&#8243; fullwidth=&#8221;on&#8221; disabled_on=&#8221;off|off|off&#8221; admin_label=&#8221;Hero&#8221; _builder_version=&#8221;4.16&#8243; background_color=&#8221;#1f1f1f&#8221; parallax=&#8221;on&#8221; custom_padding=&#8221;|||&#8221; transparent_background=&#8221;on&#8221; global_colors_info=&#8221;{}&#8221;][et_pb_fullwidth_header title=&#8221;Gazdas\u00e1gi szolg\u00e1ltat\u00e1saink&#8221; text_orientation=&#8221;center&#8221; background_overlay_color=&#8221;rgba(31,31,31,0.85)&#8221; subhead_font_color=&#8221;#bebebe&#8221; _builder_version=&#8221;4.27.4&#8243; title_font=&#8221;Playfair Display||||&#8221; title_text_color=&#8221;#ffffff&#8221; title_font_size=&#8221;72px&#8221; title_line_height=&#8221;1.3em&#8221; content_font=&#8221;Montserrat||||&#8221; content_text_color=&#8221;#bfbfbf&#8221; content_font_size=&#8221;19px&#8221; content_line_height=&#8221;1.8em&#8221; subhead_font=&#8221;Montserrat||||&#8221; subhead_text_color=&#8221;#bebebe&#8221; subhead_line_height=&#8221;1.8em&#8221; background_color=&#8221;rgba(255, 255, 255, 0)&#8221; background_image=&#8221;https:\/\/centercall.eu\/wp-content\/uploads\/2025\/11\/header.jpg&#8221; parallax=&#8221;on&#8221; parallax_method=&#8221;on&#8221; custom_padding=&#8221;5%||5%|&#8221; animation_style=&#8221;zoom&#8221; animation_duration=&#8221;1500ms&#8221; animation_intensity_zoom=&#8221;4%&#8221; title_line_height_last_edited=&#8221;off|desktop&#8221; global_colors_info=&#8221;{}&#8221; button_one_text_size__hover_enabled=&#8221;off&#8221; button_two_text_size__hover_enabled=&#8221;off&#8221; button_one_text_color__hover_enabled=&#8221;off&#8221; button_two_text_color__hover_enabled=&#8221;off&#8221; button_one_border_width__hover_enabled=&#8221;off&#8221; button_two_border_width__hover_enabled=&#8221;off&#8221; button_one_border_color__hover_enabled=&#8221;off&#8221; button_two_border_color__hover_enabled=&#8221;off&#8221; button_one_border_radius__hover_enabled=&#8221;off&#8221; button_two_border_radius__hover_enabled=&#8221;off&#8221; button_one_letter_spacing__hover_enabled=&#8221;off&#8221; button_two_letter_spacing__hover_enabled=&#8221;off&#8221; button_one_bg_color__hover_enabled=&#8221;off&#8221; button_two_bg_color__hover_enabled=&#8221;off&#8221;]<\/p>\n<p>&nbsp;<\/p>\n<p>&nbsp;<\/p>\n<p>&nbsp;<\/p>\n<p>[\/et_pb_fullwidth_header][\/et_pb_section][et_pb_section fb_built=&#8221;1&#8243; admin_label=&#8221;Contact&#8221; _builder_version=&#8221;4.16&#8243; background_color=&#8221;rgba(0,0,0,0.03)&#8221; background_size=&#8221;initial&#8221; background_position=&#8221;top_left&#8221; custom_padding=&#8221;104px|0px|100px|0px||&#8221; collapsed=&#8221;off&#8221; global_colors_info=&#8221;{}&#8221;][et_pb_row _builder_version=&#8221;4.27.4&#8243; background_size=&#8221;initial&#8221; background_position=&#8221;top_left&#8221; background_repeat=&#8221;repeat&#8221; custom_margin=&#8221;|||&#8221; custom_padding=&#8221;|||&#8221; global_colors_info=&#8221;{}&#8221;][et_pb_column type=&#8221;4_4&#8243; _builder_version=&#8221;4.27.4&#8243; _module_preset=&#8221;default&#8221; global_colors_info=&#8221;{}&#8221;][et_pb_text _builder_version=&#8221;4.27.4&#8243; _module_preset=&#8221;default&#8221; global_colors_info=&#8221;{}&#8221;]<\/p>\n<p>1. k\u00f6nyvel\u00e9s, sz\u00e1mviteli szolg\u00e1ltat\u00e1s: a t\u00e1rsash\u00e1z teljes k\u00f6r\u0171 k\u00f6nyvel\u00e9s\u00e9t c\u00e9g\u00fcnk munkat\u00e1rsai v\u00e9gzik a speci\u00e1lis K\u00f6lts\u00e9gsql t\u00e1rsash\u00e1zkezel\u0151 programmal. A sz\u00e1ml\u00e1kat, k\u00f6nyvel\u00e9si adatokat, dokument\u00e1ci\u00f3kat a szab\u00e1lyoknak megfelel\u0151en 5 \u00e9vig saj\u00e1t tulajdon\u00fa helyis\u00e9g\u00fcnkben, biztos helyen rakt\u00e1rozzuk \u00e9s iktatjuk, ez\u00e9rt az anyagok b\u00e1rmikor \u00e9s k\u00f6nnyen hozz\u00e1f\u00e9rhet\u0151k. Folyamatos kapcsolattart\u00e1s, egyeztet\u00e9s a Sz\u00e1mvizsg\u00e1l\u00f3 Bizotts\u00e1g, illetve az Int\u00e9z\u0151 Bizotts\u00e1gi tagokkal.<\/p>\n<p>2. k\u00f6nyvvizsg\u00e1lati ellen\u0151rz\u00e9sek lebonyol\u00edt\u00e1sa<\/p>\n<p>3. az \u00e9ves k\u00f6lts\u00e9gvet\u00e9si terv k\u00e9sz\u00edt\u00e9se, egyeztet\u00e9se a Sz\u00e1mvizsg\u00e1l\u00f3 Bizotts\u00e1g tagjaival, illetve az Int\u00e9z\u0151 Bizotts\u00e1gi tagokkal<\/p>\n<p>4. k\u00f6lts\u00e9goptimaliz\u00e1l\u00e1s: a k\u00f6lts\u00e9gek leszor\u00edt\u00e1sa a legoptim\u00e1lisabb, legk\u00f6lts\u00e9ghat\u00e9konyabb szintre. Ehhez kor\u00e1bbi k\u00f6lts\u00e9g-statisztik\u00e1inkat, ill. gazdas\u00e1gi elemz\u00e9seinket haszn\u00e1ljuk fel. \u00daj \u00e1raj\u00e1nlatok bek\u00e9r\u00e9se a t\u00e1rsash\u00e1zn\u00e1l elv\u00e9gezend\u0151 munk\u00e1kra.<\/p>\n<p>5. k\u00f6zgy\u0171l\u00e9si besz\u00e1mol\u00f3k k\u00e9sz\u00edt\u00e9se: a t\u00e1rsash\u00e1z k\u00f6zgy\u0171l\u00e9seir\u0151l \u00edr\u00e1sos besz\u00e1mol\u00f3t k\u00e9sz\u00edt\u00fcnk, amelyet minden lak\u00f3hoz eljuttatunk.<br \/>6. adatszolg\u00e1ltat\u00e1s<br \/>7. ingatlan b\u00e9rbead\u00e1s, hasznos\u00edt\u00e1s: amennyiben a t\u00e1rsash\u00e1z tulajdon\u00e1ban van kiad\u00f3 ingatlan, \u00fczlethelyis\u00e9g vagy t\u00e1rol\u00f3, akkor c\u00e9g\u00fcnk meghirdeti \u00e9s b\u00e9rbe adja az egys\u00e9get.<\/p>\n<p>8. anyagbeszerz\u00e9s: a h\u00e1z ig\u00e9nyeinek megfelel\u0151 anyagok, eszk\u00f6z\u00f6k, berendez\u00e9sek beszerz\u00e9se, aj\u00e1nlatok bek\u00e9r\u00e9se, elb\u00edr\u00e1l\u00e1sa, a beszerz\u00e9s lebonyol\u00edt\u00e1sa.<\/p>\n<p>9. projektek lebonyol\u00edt\u00e1sa: a t\u00e1rsash\u00e1z extra, k\u00fcl\u00f6nleges ig\u00e9nyeinek megfelel\u0151 beruh\u00e1z\u00e1sok teljes k\u00f6r\u0171 lebonyol\u00edt\u00e1sa.<\/p>\n<p>10. a projektek lebonyol\u00edt\u00e1s\u00e1hoz a finansz\u00edroz\u00e1s (hitel, l\u00edzing) aj\u00e1nlatok bek\u00e9r\u00e9se, let\u00e1rgyal\u00e1sa, azok elb\u00edr\u00e1l\u00e1sa, a legjobb aj\u00e1nlat kiv\u00e1laszt\u00e1sa<\/p>\n<p>11. v\u00e1ls\u00e1gkezel\u00e9s: a t\u00e1rsash\u00e1z fizet\u00e9si neh\u00e9zs\u00e9ge vagy fizet\u00e9sk\u00e9ptelens\u00e9ge eset\u00e9n v\u00e9szk\u00f6lts\u00e9gvet\u00e9s elk\u00e9sz\u00edt\u00e9se, a finansz\u00edroz\u00e1s megszervez\u00e9se.<\/p>\n<p>&nbsp;<\/p>\n<p>[\/et_pb_text][\/et_pb_column][\/et_pb_row][\/et_pb_section]<\/p>\n","protected":false},"excerpt":{"rendered":"<p>&nbsp; &nbsp; &nbsp;1. k\u00f6nyvel\u00e9s, sz\u00e1mviteli szolg\u00e1ltat\u00e1s: a t\u00e1rsash\u00e1z teljes k\u00f6r\u0171 k\u00f6nyvel\u00e9s\u00e9t c\u00e9g\u00fcnk munkat\u00e1rsai v\u00e9gzik a speci\u00e1lis K\u00f6lts\u00e9gsql t\u00e1rsash\u00e1zkezel\u0151 programmal. A sz\u00e1ml\u00e1kat, k\u00f6nyvel\u00e9si adatokat, dokument\u00e1ci\u00f3kat a szab\u00e1lyoknak megfelel\u0151en 5 \u00e9vig saj\u00e1t tulajdon\u00fa helyis\u00e9g\u00fcnkben, biztos helyen rakt\u00e1rozzuk \u00e9s iktatjuk, ez\u00e9rt az anyagok b\u00e1rmikor \u00e9s k\u00f6nnyen hozz\u00e1f\u00e9rhet\u0151k. Folyamatos kapcsolattart\u00e1s, egyeztet\u00e9s a Sz\u00e1mvizsg\u00e1l\u00f3 Bizotts\u00e1g, illetve az Int\u00e9z\u0151 Bizotts\u00e1gi tagokkal. [&hellip;]<\/p>\n","protected":false},"author":1,"featured_media":0,"parent":0,"menu_order":0,"comment_status":"closed","ping_status":"closed","template":"","meta":{"_et_pb_use_builder":"on","_et_pb_old_content":"","_et_gb_content_width":"","footnotes":""},"class_list":["post-85","page","type-page","status-publish","hentry"],"_links":{"self":[{"href":"https:\/\/centercall.eu\/index.php\/wp-json\/wp\/v2\/pages\/85","targetHints":{"allow":["GET"]}}],"collection":[{"href":"https:\/\/centercall.eu\/index.php\/wp-json\/wp\/v2\/pages"}],"about":[{"href":"https:\/\/centercall.eu\/index.php\/wp-json\/wp\/v2\/types\/page"}],"author":[{"embeddable":true,"href":"https:\/\/centercall.eu\/index.php\/wp-json\/wp\/v2\/users\/1"}],"replies":[{"embeddable":true,"href":"https:\/\/centercall.eu\/index.php\/wp-json\/wp\/v2\/comments?post=85"}],"version-history":[{"count":3,"href":"https:\/\/centercall.eu\/index.php\/wp-json\/wp\/v2\/pages\/85\/revisions"}],"predecessor-version":[{"id":130,"href":"https:\/\/centercall.eu\/index.php\/wp-json\/wp\/v2\/pages\/85\/revisions\/130"}],"wp:attachment":[{"href":"https:\/\/centercall.eu\/index.php\/wp-json\/wp\/v2\/media?parent=85"}],"curies":[{"name":"wp","href":"https:\/\/api.w.org\/{rel}","templated":true}]}}