{"id":76,"date":"2025-11-16T20:12:17","date_gmt":"2025-11-16T20:12:17","guid":{"rendered":"https:\/\/teszt.centercall.eu\/?page_id=76"},"modified":"2025-11-19T10:26:20","modified_gmt":"2025-11-19T10:26:20","slug":"tarsashaz-kepviselet","status":"publish","type":"page","link":"https:\/\/centercall.eu\/index.php\/tarsashaz-kepviselet\/","title":{"rendered":"T\u00e1rsash\u00e1z k\u00e9pviselet"},"content":{"rendered":"<p>[et_pb_section fb_built=&#8221;1&#8243; fullwidth=&#8221;on&#8221; disabled_on=&#8221;off|off|off&#8221; admin_label=&#8221;Hero&#8221; _builder_version=&#8221;4.16&#8243; background_color=&#8221;#1f1f1f&#8221; parallax=&#8221;on&#8221; custom_padding=&#8221;|||&#8221; transparent_background=&#8221;on&#8221; global_colors_info=&#8221;{}&#8221;][et_pb_fullwidth_header title=&#8221;T\u00e1rsash\u00e1z k\u00e9pviselet&#8221; text_orientation=&#8221;center&#8221; background_overlay_color=&#8221;rgba(31,31,31,0.85)&#8221; subhead_font_color=&#8221;#bebebe&#8221; _builder_version=&#8221;4.27.4&#8243; title_font=&#8221;Playfair Display||||&#8221; title_text_color=&#8221;#ffffff&#8221; title_font_size=&#8221;72px&#8221; title_line_height=&#8221;1.3em&#8221; content_font=&#8221;Montserrat||||&#8221; content_text_color=&#8221;#bfbfbf&#8221; content_font_size=&#8221;19px&#8221; content_line_height=&#8221;1.8em&#8221; subhead_font=&#8221;Montserrat||||&#8221; subhead_text_color=&#8221;#bebebe&#8221; subhead_line_height=&#8221;1.8em&#8221; background_color=&#8221;rgba(255, 255, 255, 0)&#8221; background_image=&#8221;https:\/\/centercall.eu\/wp-content\/uploads\/2025\/11\/header.jpg&#8221; parallax=&#8221;on&#8221; parallax_method=&#8221;on&#8221; custom_padding=&#8221;5%||5%|&#8221; animation_style=&#8221;zoom&#8221; animation_duration=&#8221;1500ms&#8221; animation_intensity_zoom=&#8221;4%&#8221; title_line_height_last_edited=&#8221;off|desktop&#8221; global_colors_info=&#8221;{}&#8221; button_one_text_size__hover_enabled=&#8221;off&#8221; button_two_text_size__hover_enabled=&#8221;off&#8221; button_one_text_color__hover_enabled=&#8221;off&#8221; button_two_text_color__hover_enabled=&#8221;off&#8221; button_one_border_width__hover_enabled=&#8221;off&#8221; button_two_border_width__hover_enabled=&#8221;off&#8221; button_one_border_color__hover_enabled=&#8221;off&#8221; button_two_border_color__hover_enabled=&#8221;off&#8221; button_one_border_radius__hover_enabled=&#8221;off&#8221; button_two_border_radius__hover_enabled=&#8221;off&#8221; button_one_letter_spacing__hover_enabled=&#8221;off&#8221; button_two_letter_spacing__hover_enabled=&#8221;off&#8221; button_one_bg_color__hover_enabled=&#8221;off&#8221; button_two_bg_color__hover_enabled=&#8221;off&#8221;]<\/p>\n<p>&nbsp;<\/p>\n<p>&nbsp;<\/p>\n<p>&nbsp;<\/p>\n<p>[\/et_pb_fullwidth_header][\/et_pb_section][et_pb_section fb_built=&#8221;1&#8243; admin_label=&#8221;Contact&#8221; _builder_version=&#8221;4.16&#8243; background_color=&#8221;rgba(0,0,0,0.03)&#8221; background_size=&#8221;initial&#8221; background_position=&#8221;top_left&#8221; custom_padding=&#8221;104px|0px|100px|0px||&#8221; collapsed=&#8221;off&#8221; global_colors_info=&#8221;{}&#8221;][et_pb_row _builder_version=&#8221;4.27.4&#8243; background_size=&#8221;initial&#8221; background_position=&#8221;top_left&#8221; background_repeat=&#8221;repeat&#8221; custom_margin=&#8221;|||&#8221; custom_padding=&#8221;|||&#8221; global_colors_info=&#8221;{}&#8221;][et_pb_column type=&#8221;4_4&#8243; _builder_version=&#8221;4.27.4&#8243; _module_preset=&#8221;default&#8221; global_colors_info=&#8221;{}&#8221;][et_pb_text _builder_version=&#8221;4.27.4&#8243; _module_preset=&#8221;default&#8221; global_colors_info=&#8221;{}&#8221;]<\/p>\n<p>1. k\u00f6z\u00f6s k\u00e9pvisel\u0151i, illetve int\u00e9z\u0151 bizotts\u00e1gi eln\u00f6ki feladatok ell\u00e1t\u00e1sa<\/p>\n<p>2. az \u00e9ves rendszeres, valamint sz\u00fcks\u00e9g szerint rendk\u00edv\u00fcli k\u00f6zgy\u0171l\u00e9s \u00f6sszeh\u00edv\u00e1sa: a t\u00e1rsash\u00e1zi t\u00f6rv\u00e9nyben el\u0151\u00edrt k\u00f6zgy\u0171l\u00e9sek ki\u00edr\u00e1sa, kihirdet\u00e9se, megszervez\u00e9se \u00e9s lebonyol\u00edt\u00e1sa.<\/p>\n<p>3. jegyz\u0151k\u00f6nyvvezet\u00e9s: a k\u00f6zgy\u0171l\u00e9s alatt jegyz\u0151k\u00f6nyv k\u00e9sz\u00edt\u00e9se, sokszoros\u00edt\u00e1sa<\/p>\n<p>4. hat\u00e1rozatok v\u00e9grehajt\u00e1sa: a k\u00f6zgy\u0171l\u00e9sen elfogadott hat\u00e1rozatok szab\u00e1lyos v\u00e9grehajt\u00e1sa<\/p>\n<p>5. szavaz\u00e1sok lebonyol\u00edt\u00e1sa: a napirendi pontokhoz kapcsol\u00f3d\u00f3 szavaz\u00e1sok lebonyol\u00edt\u00e1sa, levez\u00e9nyl\u00e9se.<\/p>\n<p>6. az Alap\u00edt\u00f3 Okirat elk\u00e9sz\u00edt\u00e9se<\/p>\n<p>7. a Szervezeti \u00e9s M\u0171k\u00f6d\u00e9si Szab\u00e1lyzat elk\u00e9sz\u00edt\u00e9se<\/p>\n<p>8. a karbantart\u00f3i, fel\u00fcgyeleti, szolg\u00e1ltat\u00f3i szerz\u0151d\u00e9sek megk\u00f6t\u00e9sei<\/p>\n<p>9. a H\u00e1zirend kialak\u00edt\u00e1sa<\/p>\n<p>10. a t\u0171zv\u00e9delmi utas\u00edt\u00e1s elk\u00e9sz\u00edt\u00e9se: a h\u00e1zirend r\u00e9szek\u00e9nt elk\u00e9sz\u00edtj\u00fck ezt a hivatalos dokumentumot is.<\/p>\n<p>11. a banksz\u00e1mlavezet\u00e9ssel, banksz\u00e1mlanyit\u00e1ssal kapcsolatos feladatok int\u00e9z\u00e9se, a t\u00e1rsash\u00e1z p\u00e9nz\u00fcgyeinek bonyol\u00edt\u00e1sa<\/p>\n<p>12. a t\u00e1rsash\u00e1zi biztos\u00edt\u00e1s megk\u00f6t\u00e9se, a biztos\u00edt\u00e1si \u00fcgyek int\u00e9z\u00e9se<\/p>\n<p>13. a k\u00f6z\u00fczemi szolg\u00e1ltat\u00f3kkal a szerz\u0151d\u00e9sek megk\u00f6t\u00e9se, a sz\u00e1ml\u00e1k ellen\u0151rz\u00e9se \u00e9s rendez\u00e9se a t\u00e1rsash\u00e1z sz\u00e1ml\u00e1j\u00e1r\u00f3l<\/p>\n<p>14. a Sz\u00e1mvizsg\u00e1l\u00f3 Bizotts\u00e1g tagjaival, illetve az Int\u00e9z\u0151 Bizotts\u00e1gi tagokkal val\u00f3 folyamatos kapcsolattart\u00e1s, Sz\u00e1mvizsg\u00e1l\u00f3 Bizotts\u00e1gi, illetve Int\u00e9z\u0151 Bizotts\u00e1gi \u00fcl\u00e9sek megszervez\u00e9se<\/p>\n<p>15. a k\u00f6z\u00f6s k\u00f6lts\u00e9gek be\u00e9rkez\u00e9s\u00e9nek figyelemmel k\u00eds\u00e9r\u00e9se, k\u00f6nyvel\u00e9se<\/p>\n<p>16. kintl\u00e9v\u0151s\u00e9g kezel\u00e9s: a nem fizet\u0151 tulajdonosokkal szemben felsz\u00f3l\u00edt\u00e1sok megk\u00fcld\u00e9se, sz\u00fcks\u00e9g eset\u00e9n elj\u00e1r\u00e1sok ind\u00edt\u00e1sa megfelel\u0151 jogi h\u00e1tt\u00e9rrel<\/p>\n<p>17. az \u00e9ves k\u00f6lts\u00e9gvet\u00e9si terv, el\u0151z\u0151 \u00e9vi besz\u00e1mol\u00f3, elsz\u00e1mol\u00e1s elk\u00e9sz\u00edt\u00e9se<\/p>\n<p>18. p\u00e1ly\u00e1zatok figyel\u00e9se, meg\u00edr\u00e1sa<\/p>\n<p>19. kapcsolattart\u00e1s az \u00e9p\u00edttet\u0151vel a garanci\u00e1lis jav\u00edt\u00e1sok \u00fcgyint\u00e9z\u00e9se<\/p>\n<p>20. a t\u00e1rsash\u00e1z \u00fcgyeinek int\u00e9z\u00e9se k\u00fcls\u0151 szervekn\u00e9l, kapcsolattart\u00e1s a szolg\u00e1ltat\u00f3kkal<\/p>\n<p>21. a takar\u00edt\u00e1si \u00e9s kerti munk\u00e1k szervez\u00e9se, ellen\u0151rz\u00e9se<\/p>\n<p>&nbsp;<\/p>\n<p>[\/et_pb_text][\/et_pb_column][\/et_pb_row][\/et_pb_section]<\/p>\n","protected":false},"excerpt":{"rendered":"<p>&nbsp; &nbsp; &nbsp;1. k\u00f6z\u00f6s k\u00e9pvisel\u0151i, illetve int\u00e9z\u0151 bizotts\u00e1gi eln\u00f6ki feladatok ell\u00e1t\u00e1sa 2. az \u00e9ves rendszeres, valamint sz\u00fcks\u00e9g szerint rendk\u00edv\u00fcli k\u00f6zgy\u0171l\u00e9s \u00f6sszeh\u00edv\u00e1sa: a t\u00e1rsash\u00e1zi t\u00f6rv\u00e9nyben el\u0151\u00edrt k\u00f6zgy\u0171l\u00e9sek ki\u00edr\u00e1sa, kihirdet\u00e9se, megszervez\u00e9se \u00e9s lebonyol\u00edt\u00e1sa. 3. jegyz\u0151k\u00f6nyvvezet\u00e9s: a k\u00f6zgy\u0171l\u00e9s alatt jegyz\u0151k\u00f6nyv k\u00e9sz\u00edt\u00e9se, sokszoros\u00edt\u00e1sa 4. hat\u00e1rozatok v\u00e9grehajt\u00e1sa: a k\u00f6zgy\u0171l\u00e9sen elfogadott hat\u00e1rozatok szab\u00e1lyos v\u00e9grehajt\u00e1sa 5. szavaz\u00e1sok lebonyol\u00edt\u00e1sa: a napirendi pontokhoz kapcsol\u00f3d\u00f3 [&hellip;]<\/p>\n","protected":false},"author":1,"featured_media":0,"parent":0,"menu_order":0,"comment_status":"closed","ping_status":"closed","template":"","meta":{"_et_pb_use_builder":"on","_et_pb_old_content":"","_et_gb_content_width":"","footnotes":""},"class_list":["post-76","page","type-page","status-publish","hentry"],"_links":{"self":[{"href":"https:\/\/centercall.eu\/index.php\/wp-json\/wp\/v2\/pages\/76","targetHints":{"allow":["GET"]}}],"collection":[{"href":"https:\/\/centercall.eu\/index.php\/wp-json\/wp\/v2\/pages"}],"about":[{"href":"https:\/\/centercall.eu\/index.php\/wp-json\/wp\/v2\/types\/page"}],"author":[{"embeddable":true,"href":"https:\/\/centercall.eu\/index.php\/wp-json\/wp\/v2\/users\/1"}],"replies":[{"embeddable":true,"href":"https:\/\/centercall.eu\/index.php\/wp-json\/wp\/v2\/comments?post=76"}],"version-history":[{"count":5,"href":"https:\/\/centercall.eu\/index.php\/wp-json\/wp\/v2\/pages\/76\/revisions"}],"predecessor-version":[{"id":129,"href":"https:\/\/centercall.eu\/index.php\/wp-json\/wp\/v2\/pages\/76\/revisions\/129"}],"wp:attachment":[{"href":"https:\/\/centercall.eu\/index.php\/wp-json\/wp\/v2\/media?parent=76"}],"curies":[{"name":"wp","href":"https:\/\/api.w.org\/{rel}","templated":true}]}}