{"id":115,"date":"2025-11-17T14:14:32","date_gmt":"2025-11-17T14:14:32","guid":{"rendered":"https:\/\/teszt.centercall.eu\/?page_id=115"},"modified":"2025-11-19T10:25:19","modified_gmt":"2025-11-19T10:25:19","slug":"szechenyi-terv-plusz","status":"publish","type":"page","link":"https:\/\/centercall.eu\/index.php\/szechenyi-terv-plusz\/","title":{"rendered":"Sz\u00e9chenyi Terv Plusz"},"content":{"rendered":"<p>[et_pb_section fb_built=&#8221;1&#8243; fullwidth=&#8221;on&#8221; disabled_on=&#8221;off|off|off&#8221; admin_label=&#8221;Hero&#8221; _builder_version=&#8221;4.16&#8243; background_color=&#8221;#1f1f1f&#8221; parallax=&#8221;on&#8221; custom_padding=&#8221;|||&#8221; transparent_background=&#8221;on&#8221; global_colors_info=&#8221;{}&#8221;][et_pb_fullwidth_header title=&#8221;Sz\u00e9chenyi Terv Plusz&#8221; text_orientation=&#8221;center&#8221; background_overlay_color=&#8221;rgba(31,31,31,0.85)&#8221; subhead_font_color=&#8221;#bebebe&#8221; _builder_version=&#8221;4.27.4&#8243; title_font=&#8221;Playfair Display||||&#8221; title_text_color=&#8221;#ffffff&#8221; title_font_size=&#8221;72px&#8221; title_line_height=&#8221;1.3em&#8221; content_font=&#8221;Montserrat||||&#8221; content_text_color=&#8221;#bfbfbf&#8221; content_font_size=&#8221;19px&#8221; content_line_height=&#8221;1.8em&#8221; subhead_font=&#8221;Montserrat||||&#8221; subhead_text_color=&#8221;#bebebe&#8221; subhead_line_height=&#8221;1.8em&#8221; background_color=&#8221;rgba(255, 255, 255, 0)&#8221; background_image=&#8221;https:\/\/centercall.eu\/wp-content\/uploads\/2025\/11\/header.jpg&#8221; parallax=&#8221;on&#8221; parallax_method=&#8221;on&#8221; custom_padding=&#8221;5%||5%|&#8221; animation_style=&#8221;zoom&#8221; animation_duration=&#8221;1500ms&#8221; animation_intensity_zoom=&#8221;4%&#8221; title_line_height_last_edited=&#8221;off|desktop&#8221; global_colors_info=&#8221;{}&#8221; button_one_text_size__hover_enabled=&#8221;off&#8221; button_two_text_size__hover_enabled=&#8221;off&#8221; button_one_text_color__hover_enabled=&#8221;off&#8221; button_two_text_color__hover_enabled=&#8221;off&#8221; button_one_border_width__hover_enabled=&#8221;off&#8221; button_two_border_width__hover_enabled=&#8221;off&#8221; button_one_border_color__hover_enabled=&#8221;off&#8221; button_two_border_color__hover_enabled=&#8221;off&#8221; button_one_border_radius__hover_enabled=&#8221;off&#8221; button_two_border_radius__hover_enabled=&#8221;off&#8221; button_one_letter_spacing__hover_enabled=&#8221;off&#8221; button_two_letter_spacing__hover_enabled=&#8221;off&#8221; button_one_bg_color__hover_enabled=&#8221;off&#8221; button_two_bg_color__hover_enabled=&#8221;off&#8221;]<\/p>\n<p>&nbsp;<\/p>\n<p>&nbsp;<\/p>\n<p>&nbsp;<\/p>\n<p>[\/et_pb_fullwidth_header][\/et_pb_section][et_pb_section fb_built=&#8221;1&#8243; admin_label=&#8221;Contact&#8221; _builder_version=&#8221;4.27.4&#8243; background_color=&#8221;rgba(0,0,0,0.03)&#8221; background_size=&#8221;initial&#8221; background_position=&#8221;top_left&#8221; custom_padding=&#8221;50px|0px|100px|0px|false|false&#8221; collapsed=&#8221;off&#8221; global_colors_info=&#8221;{}&#8221;][et_pb_row _builder_version=&#8221;4.27.4&#8243; _module_preset=&#8221;default&#8221; global_colors_info=&#8221;{}&#8221;][et_pb_column type=&#8221;4_4&#8243; _builder_version=&#8221;4.27.4&#8243; _module_preset=&#8221;default&#8221; global_colors_info=&#8221;{}&#8221;][et_pb_image src=&#8221;https:\/\/centercall.eu\/wp-content\/uploads\/2025\/11\/kedvezmenyezetti-infoblokk-1024&#215;265-1.jpg&#8221; title_text=&#8221;kedvezmenyezetti-infoblokk-1024&#215;265-1&#8243; _builder_version=&#8221;4.27.4&#8243; _module_preset=&#8221;default&#8221; global_colors_info=&#8221;{}&#8221;][\/et_pb_image][\/et_pb_column][\/et_pb_row][et_pb_row _builder_version=&#8221;4.27.4&#8243; background_size=&#8221;initial&#8221; background_position=&#8221;top_left&#8221; background_repeat=&#8221;repeat&#8221; custom_margin=&#8221;|||&#8221; custom_padding=&#8221;|||&#8221; global_colors_info=&#8221;{}&#8221;][et_pb_column type=&#8221;4_4&#8243; _builder_version=&#8221;4.27.4&#8243; _module_preset=&#8221;default&#8221; global_colors_info=&#8221;{}&#8221;][et_pb_text _builder_version=&#8221;4.27.4&#8243; _module_preset=&#8221;default&#8221; global_colors_info=&#8221;{}&#8221;]<\/p>\n<p><strong>Kedvezm\u00e9nyezett neve :<\/strong> Center Call Kereskedelmi, Forgalmaz\u00f3 \u00e9s Szolg\u00e1ltat\u00f3 Korl\u00e1tolt Felel\u0151ss\u00e9g\u0171 T\u00e1rsas\u00e1gra<br \/><strong>Fejleszt\u00e9s t\u00e1rgya:<\/strong> KKV-k n\u00f6veked\u00e9si lehet\u0151s\u00e9geinek t\u00e1mogat\u00e1sa a digit\u00e1lis infrastrukt\u00fara \u00e9s transzform\u00e1ci\u00f3 el\u0151seg\u00edt\u00e9s\u00e9re<br \/><strong>T\u00e1mogat\u00e1si \u00f6sszeg:<\/strong> 5 769 140 Ft,- Ft<br \/><strong>Projekt kezd\u00e9s d\u00e1tuma:<\/strong> 2025.04.01.<\/p>\n<p><strong>Projekt r\u00e9szletes bemutat\u00e1sa:<\/strong><br \/>A megn\u00f6vekedett \u00fcgyf\u00e9l\u00e1llom\u00e1ny \u00e9s vev\u0151i k\u00f6r miatt, sz\u00fcks\u00e9gess\u00e9 v\u00e1lt egy alapszint\u0171 felh\u0151alap\u00fa sz\u00e1m\u00edt\u00e1stechnikai szolg\u00e1ltat\u00e1sok bevezet\u00e9se &#8211; \u00edgy k\u00fcl\u00f6n\u00f6sk\u00e9ppen a mail szolg\u00e1ltat\u00e1sok felh\u0151 alap\u00fav\u00e1 alak\u00edt\u00e1sa, valamint az infrastrukt\u00fara \u00e9s kapacit\u00e1sszolg\u00e1ltat\u00e1sok ter\u00e9n.<br \/>Az alapszint\u0171 felh\u0151alap\u00fa sz\u00e1m\u00edt\u00e1stechnikai szolg\u00e1ltat\u00e1sok olyan informatikai megold\u00e1sokat<br \/>k\u00edn\u00e1lnak, amelyek alapvet\u0151 infrastrukt\u00far\u00e1t \u00e9s eszk\u00f6z\u00f6ket biztos\u00edtanak \u00fcgyfeleink sz\u00e1m\u00e1ra a<br \/>mindennapi \u00fczleti folyamatok digit\u00e1lis t\u00e1mogat\u00e1s\u00e1ra \u00e9s hat\u00e9kony m\u0171k\u00f6d\u00e9s\u00e9nek biztos\u00edt\u00e1s\u00e1ra.<br \/>Ezek a szolg\u00e1ltat\u00e1sok lehet\u0151v\u00e9 teszik a v\u00e1llalkoz\u00e1sok sz\u00e1m\u00e1ra, hogy rugalmasan \u00e9s<br \/>k\u00f6lts\u00e9ghat\u00e9konyan haszn\u00e1lj\u00e1k az informatikai er\u0151forr\u00e1sokat, an\u00e9lk\u00fcl, hogy jelent\u0151s<br \/>beruh\u00e1z\u00e1sokat kellene eszk\u00f6z\u00f6lni\u00fck saj\u00e1t hardvereszk\u00f6z\u00f6kbe.<br \/><strong>Szolg\u00e1ltat\u00e1saink ismertet\u00e9se<\/strong><br \/><strong>1. V\u00e1llalati domain regisztr\u00e1ci\u00f3ja \u00e9s \u00fczemeltet\u00e9se<\/strong><br \/>A v\u00e1llalati domain n\u00e9v regisztr\u00e1ci\u00f3ja \u00e9s \u00fczemeltet\u00e9se elengedhetetlen ahhoz, hogy egy c\u00e9g<br \/>online jelenl\u00e9ttel rendelkezzen.<br \/>\u2022 Domain n\u00e9v kiv\u00e1laszt\u00e1sa \u00e9s regisztr\u00e1ci\u00f3ja<br \/>\u2022 DNS be\u00e1ll\u00edt\u00e1sok konfigur\u00e1l\u00e1sa<br \/>\u2022 Folyamatos domain fenntart\u00e1s \u00e9s meg\u00faj\u00edt\u00e1s<br \/>\u2022 Biztons\u00e1gi be\u00e1ll\u00edt\u00e1sok implement\u00e1l\u00e1sa<br \/><strong>2. V\u00e1llalati e-mail szolg\u00e1ltat\u00e1s<\/strong><br \/>A v\u00e1llalati e-mail szolg\u00e1ltat\u00e1s biztos\u00edtja a professzion\u00e1lis \u00fczleti kommunik\u00e1ci\u00f3 alapjait<br \/>\u2022 Egyedi v\u00e1llalati e-mail c\u00edmek<br \/>\u2022 Fejlett spamsz\u0171r\u0151 \u00e9s v\u00edrusv\u00e9delem<br \/>\u2022 Webmail hozz\u00e1f\u00e9r\u00e9s<br \/>\u2022 IMAP \u00e9s POP3 t\u00e1mogat\u00e1s<br \/>\u2022 Automatikus v\u00e1laszok \u00e9s tov\u00e1bb\u00edt\u00e1si be\u00e1ll\u00edt\u00e1sok<br \/>\u2022 Biztons\u00e1gos kommunik\u00e1ci\u00f3<\/p>\n<p>[\/et_pb_text][\/et_pb_column][\/et_pb_row][\/et_pb_section]<\/p>\n","protected":false},"excerpt":{"rendered":"<p>&nbsp; &nbsp; &nbsp;Kedvezm\u00e9nyezett neve : Center Call Kereskedelmi, Forgalmaz\u00f3 \u00e9s Szolg\u00e1ltat\u00f3 Korl\u00e1tolt Felel\u0151ss\u00e9g\u0171 T\u00e1rsas\u00e1graFejleszt\u00e9s t\u00e1rgya: KKV-k n\u00f6veked\u00e9si lehet\u0151s\u00e9geinek t\u00e1mogat\u00e1sa a digit\u00e1lis infrastrukt\u00fara \u00e9s transzform\u00e1ci\u00f3 el\u0151seg\u00edt\u00e9s\u00e9reT\u00e1mogat\u00e1si \u00f6sszeg: 5 769 140 Ft,- FtProjekt kezd\u00e9s d\u00e1tuma: 2025.04.01. Projekt r\u00e9szletes bemutat\u00e1sa:A megn\u00f6vekedett \u00fcgyf\u00e9l\u00e1llom\u00e1ny \u00e9s vev\u0151i k\u00f6r miatt, sz\u00fcks\u00e9gess\u00e9 v\u00e1lt egy alapszint\u0171 felh\u0151alap\u00fa sz\u00e1m\u00edt\u00e1stechnikai szolg\u00e1ltat\u00e1sok bevezet\u00e9se &#8211; \u00edgy k\u00fcl\u00f6n\u00f6sk\u00e9ppen a [&hellip;]<\/p>\n","protected":false},"author":1,"featured_media":0,"parent":0,"menu_order":0,"comment_status":"closed","ping_status":"closed","template":"","meta":{"_et_pb_use_builder":"on","_et_pb_old_content":"","_et_gb_content_width":"","footnotes":""},"class_list":["post-115","page","type-page","status-publish","hentry"],"_links":{"self":[{"href":"https:\/\/centercall.eu\/index.php\/wp-json\/wp\/v2\/pages\/115","targetHints":{"allow":["GET"]}}],"collection":[{"href":"https:\/\/centercall.eu\/index.php\/wp-json\/wp\/v2\/pages"}],"about":[{"href":"https:\/\/centercall.eu\/index.php\/wp-json\/wp\/v2\/types\/page"}],"author":[{"embeddable":true,"href":"https:\/\/centercall.eu\/index.php\/wp-json\/wp\/v2\/users\/1"}],"replies":[{"embeddable":true,"href":"https:\/\/centercall.eu\/index.php\/wp-json\/wp\/v2\/comments?post=115"}],"version-history":[{"count":4,"href":"https:\/\/centercall.eu\/index.php\/wp-json\/wp\/v2\/pages\/115\/revisions"}],"predecessor-version":[{"id":128,"href":"https:\/\/centercall.eu\/index.php\/wp-json\/wp\/v2\/pages\/115\/revisions\/128"}],"wp:attachment":[{"href":"https:\/\/centercall.eu\/index.php\/wp-json\/wp\/v2\/media?parent=115"}],"curies":[{"name":"wp","href":"https:\/\/api.w.org\/{rel}","templated":true}]}}